{"id":3524,"date":"2020-05-30T15:17:10","date_gmt":"2020-05-30T15:17:10","guid":{"rendered":"https:\/\/meaningoflife.blog\/?page_id=3524"},"modified":"2021-11-29T14:55:09","modified_gmt":"2021-11-29T14:55:09","slug":"hirlevel","status":"publish","type":"page","link":"https:\/\/meaningoflife.blog\/hu\/hirlevel\/","title":{"rendered":"H\u00edrlev\u00e9l"},"content":{"rendered":"\n<p>Iratkozz fel h\u00edrlevel\u00fcnkre \u00e9s v\u00e1lassz exkluz\u00edv cikkeink k\u00f6z\u00fcl!<\/p>\n\n\n<p style=\"text-align: center;\"><script>(function() {\n\twindow.mc4wp = window.mc4wp || {\n\t\tlisteners: [],\n\t\tforms: {\n\t\t\ton: function(evt, cb) {\n\t\t\t\twindow.mc4wp.listeners.push(\n\t\t\t\t\t{\n\t\t\t\t\t\tevent   : evt,\n\t\t\t\t\t\tcallback: cb\n\t\t\t\t\t}\n\t\t\t\t);\n\t\t\t}\n\t\t}\n\t}\n})();\n<\/script><!-- Mailchimp for WordPress v4.9.21 - https:\/\/wordpress.org\/plugins\/mailchimp-for-wp\/ --><form id=\"mc4wp-form-1\" class=\"mc4wp-form mc4wp-form-2621 mc4wp-form-theme mc4wp-form-theme-dark\" method=\"post\" data-id=\"2621\" data-name=\"mail\" ><div class=\"mc4wp-form-fields\"><p>\r\n    <input type=\"text\" name=\"FNAME\" placeholder=\"First Name\" required style=\"text-align:center\" \/>\r\n  <\/p>\r\n<input type=\"email\" name=\"EMAIL\" placeholder=\"Your email address\" required style=\"text-align:center\" \/><\/p>\r\n<p><input type=\"submit\" value=\"Sign up\" \/><\/p><\/div><label style=\"display: none !important;\">Ha \u00d6n ember, hagyja \u00fcresen ezt a mez\u0151t: <input type=\"text\" name=\"_mc4wp_honeypot\" value=\"\" tabindex=\"-1\" autocomplete=\"off\" \/><\/label><input type=\"hidden\" name=\"_mc4wp_timestamp\" value=\"1775266259\" \/><input type=\"hidden\" name=\"_mc4wp_form_id\" value=\"2621\" \/><input type=\"hidden\" name=\"_mc4wp_form_element_id\" value=\"mc4wp-form-1\" \/><div class=\"mc4wp-response\"><\/div><\/form><!-- \/ Mailchimp for WordPress Plugin --><\/p>\n\n\n<p><\/p>\n","protected":false},"excerpt":{"rendered":"<p>Iratkozz fel h\u00edrlevel\u00fcnkre \u00e9s v\u00e1lassz exkluz\u00edv cikkeink k\u00f6z\u00fcl!<\/p>\n","protected":false},"author":1,"featured_media":0,"parent":0,"menu_order":0,"comment_status":"closed","ping_status":"closed","template":"","meta":[],"yst_prominent_words":[],"_links":{"self":[{"href":"https:\/\/meaningoflife.blog\/hu\/wp-json\/wp\/v2\/pages\/3524"}],"collection":[{"href":"https:\/\/meaningoflife.blog\/hu\/wp-json\/wp\/v2\/pages"}],"about":[{"href":"https:\/\/meaningoflife.blog\/hu\/wp-json\/wp\/v2\/types\/page"}],"author":[{"embeddable":true,"href":"https:\/\/meaningoflife.blog\/hu\/wp-json\/wp\/v2\/users\/1"}],"replies":[{"embeddable":true,"href":"https:\/\/meaningoflife.blog\/hu\/wp-json\/wp\/v2\/comments?post=3524"}],"version-history":[{"count":2,"href":"https:\/\/meaningoflife.blog\/hu\/wp-json\/wp\/v2\/pages\/3524\/revisions"}],"predecessor-version":[{"id":3628,"href":"https:\/\/meaningoflife.blog\/hu\/wp-json\/wp\/v2\/pages\/3524\/revisions\/3628"}],"wp:attachment":[{"href":"https:\/\/meaningoflife.blog\/hu\/wp-json\/wp\/v2\/media?parent=3524"}],"wp:term":[{"taxonomy":"yst_prominent_words","embeddable":true,"href":"https:\/\/meaningoflife.blog\/hu\/wp-json\/wp\/v2\/yst_prominent_words?post=3524"}],"curies":[{"name":"wp","href":"https:\/\/api.w.org\/{rel}","templated":true}]}}