{"id":2492,"date":"2017-08-11T14:51:27","date_gmt":"2017-08-11T14:51:27","guid":{"rendered":"http:\/\/meaningoflife.blog\/?page_id=2492"},"modified":"2021-06-10T11:52:51","modified_gmt":"2021-06-10T11:52:51","slug":"vendegeink","status":"publish","type":"page","link":"https:\/\/meaningoflife.blog\/hu\/vendegeink\/","title":{"rendered":"Vend\u00e9g Blog"},"content":{"rendered":"<p>Oldalunkon sz\u00edvesen l\u00e1tjuk m\u00e1sok t\u00e9m\u00e1ba v\u00e1g\u00f3 cikkeit \u00e9s posztjait. L\u00e9pj vel\u00fcnk kapcsolatba! <a href=\"mailto:LASZLO.MAKAY@GMAIL.COM\">LASZLO.MAKAY@GMAIL.COM<\/a><\/p>\n<p>Az \u00c9let \u00c9rtelme Csapat<\/p>\n\n\n<p class=\"has-large-font-size\"><strong><a href=\"https:\/\/meaningoflife.blog\/hu\/category\/vendegeink\/\">Olvassa Vend\u00e9geinket<\/a><\/strong><\/p>\n","protected":false},"excerpt":{"rendered":"<p>Oldalunkon sz\u00edvesen l\u00e1tjuk m\u00e1sok t\u00e9m\u00e1ba v\u00e1g\u00f3 cikkeit \u00e9s posztjait. L\u00e9pj vel\u00fcnk kapcsolatba! LASZLO.MAKAY@GMAIL.COM Az \u00c9let \u00c9rtelme Csapat Olvassa Vend\u00e9geinket<\/p>\n","protected":false},"author":1,"featured_media":0,"parent":0,"menu_order":0,"comment_status":"closed","ping_status":"closed","template":"","meta":[],"yst_prominent_words":[],"_links":{"self":[{"href":"https:\/\/meaningoflife.blog\/hu\/wp-json\/wp\/v2\/pages\/2492"}],"collection":[{"href":"https:\/\/meaningoflife.blog\/hu\/wp-json\/wp\/v2\/pages"}],"about":[{"href":"https:\/\/meaningoflife.blog\/hu\/wp-json\/wp\/v2\/types\/page"}],"author":[{"embeddable":true,"href":"https:\/\/meaningoflife.blog\/hu\/wp-json\/wp\/v2\/users\/1"}],"replies":[{"embeddable":true,"href":"https:\/\/meaningoflife.blog\/hu\/wp-json\/wp\/v2\/comments?post=2492"}],"version-history":[{"count":10,"href":"https:\/\/meaningoflife.blog\/hu\/wp-json\/wp\/v2\/pages\/2492\/revisions"}],"predecessor-version":[{"id":3605,"href":"https:\/\/meaningoflife.blog\/hu\/wp-json\/wp\/v2\/pages\/2492\/revisions\/3605"}],"wp:attachment":[{"href":"https:\/\/meaningoflife.blog\/hu\/wp-json\/wp\/v2\/media?parent=2492"}],"wp:term":[{"taxonomy":"yst_prominent_words","embeddable":true,"href":"https:\/\/meaningoflife.blog\/hu\/wp-json\/wp\/v2\/yst_prominent_words?post=2492"}],"curies":[{"name":"wp","href":"https:\/\/api.w.org\/{rel}","templated":true}]}}