{"id":2487,"date":"2017-08-11T14:48:45","date_gmt":"2017-08-11T14:48:45","guid":{"rendered":"http:\/\/meaningoflife.blog\/?page_id=2487"},"modified":"2017-08-11T14:48:45","modified_gmt":"2017-08-11T14:48:45","slug":"magunkrol","status":"publish","type":"page","link":"https:\/\/meaningoflife.blog\/hu\/magunkrol\/","title":{"rendered":"Magunkr\u00f3l"},"content":{"rendered":"<p>Mindannyian keress\u00fck \u00e9let\u00fcnk \u00e9rtelm\u00e9t. Mindannyiunkat \u00e9rdekel miv\u00e9gre vagyunk e vil\u00e1gon.<\/p>\n<p>Egyeseknek a miszticizmus vagy \u00f6nk\u00e9pz\u0151 k\u00f6nyvek seg\u00edtenek. M\u00e1sok szerint nem gondolkoznunk kell ezekr\u0151l a k\u00e9rd\u00e9sekr\u0151l, hanem megtal\u00e1lnuk vagy megval\u00f3s\u00edtanunk a magunk adta v\u00e1laszokat. Sokak szerint b\u00edzzuk e k\u00e9rd\u00e9st a filoz\u00f3fusokra. M\u00e1sok szerint viszont csak Isten tudhatja a v\u00e1laszt.<\/p>\n<p>Ez a blog azoknak sz\u00f3l, akik szerint a tudom\u00e1ny \u00e9s\u00a0a logika is bele tud sz\u00f3lni a k\u00e9rd\u00e9sbe. Csatlakozz hozz\u00e1nk \u00e9s oszt meg vel\u00fcnk ezzel kapcsolatos gondolataidat!<\/p>\n<p>&nbsp;<\/p>\n<p>Az \u00c9let \u00c9rtelme Csapat<\/p>\n","protected":false},"excerpt":{"rendered":"<p>Mindannyian keress\u00fck \u00e9let\u00fcnk \u00e9rtelm\u00e9t. Mindannyiunkat \u00e9rdekel miv\u00e9gre vagyunk e vil\u00e1gon. Egyeseknek a miszticizmus vagy \u00f6nk\u00e9pz\u0151 k\u00f6nyvek seg\u00edtenek. M\u00e1sok szerint nem gondolkoznunk kell ezekr\u0151l a k\u00e9rd\u00e9sekr\u0151l, hanem megtal\u00e1lnuk vagy megval\u00f3s\u00edtanunk a magunk adta v\u00e1laszokat. Sokak szerint b\u00edzzuk e k\u00e9rd\u00e9st a filoz\u00f3fusokra. M\u00e1sok szerint viszont csak Isten tudhatja a v\u00e1laszt. Ez a blog azoknak sz\u00f3l, akik szerint a tudom\u00e1ny \u00e9s\u00a0a logika is bele tud sz\u00f3lni a k\u00e9rd\u00e9sbe. Csatlakozz hozz\u00e1nk \u00e9s oszt meg vel\u00fcnk ezzel kapcsolatos gondolataidat! &nbsp; [&hellip;]<\/p>\n","protected":false},"author":1,"featured_media":0,"parent":0,"menu_order":1,"comment_status":"closed","ping_status":"closed","template":"","meta":[],"yst_prominent_words":[],"_links":{"self":[{"href":"https:\/\/meaningoflife.blog\/hu\/wp-json\/wp\/v2\/pages\/2487"}],"collection":[{"href":"https:\/\/meaningoflife.blog\/hu\/wp-json\/wp\/v2\/pages"}],"about":[{"href":"https:\/\/meaningoflife.blog\/hu\/wp-json\/wp\/v2\/types\/page"}],"author":[{"embeddable":true,"href":"https:\/\/meaningoflife.blog\/hu\/wp-json\/wp\/v2\/users\/1"}],"replies":[{"embeddable":true,"href":"https:\/\/meaningoflife.blog\/hu\/wp-json\/wp\/v2\/comments?post=2487"}],"version-history":[{"count":1,"href":"https:\/\/meaningoflife.blog\/hu\/wp-json\/wp\/v2\/pages\/2487\/revisions"}],"predecessor-version":[{"id":2488,"href":"https:\/\/meaningoflife.blog\/hu\/wp-json\/wp\/v2\/pages\/2487\/revisions\/2488"}],"wp:attachment":[{"href":"https:\/\/meaningoflife.blog\/hu\/wp-json\/wp\/v2\/media?parent=2487"}],"wp:term":[{"taxonomy":"yst_prominent_words","embeddable":true,"href":"https:\/\/meaningoflife.blog\/hu\/wp-json\/wp\/v2\/yst_prominent_words?post=2487"}],"curies":[{"name":"wp","href":"https:\/\/api.w.org\/{rel}","templated":true}]}}