{"id":2484,"date":"2017-08-11T14:33:59","date_gmt":"2017-08-11T14:33:59","guid":{"rendered":"http:\/\/meaningoflife.blog\/?page_id=2484"},"modified":"2021-06-16T14:09:35","modified_gmt":"2021-06-16T14:09:35","slug":"kapcsolatfelvetel","status":"publish","type":"page","link":"https:\/\/meaningoflife.blog\/hu\/kapcsolatfelvetel\/","title":{"rendered":"Kapcsolatfelv\u00e9tel"},"content":{"rendered":"<p>Email:<br \/><a href=\"mailto:team.head@meaningoflife.blog\">team.head@meaningoflife.blog<\/a><br \/><a href=\"mailto:KRISZTINA.BANA@PROTONMAIL.COM\">KRISZTINA.BANA@PROTONMAIL.COM<\/a><br \/><a href=\"mailto:LASZLO.MAKAY@GMAIL.COM\">LASZLO.MAKAY@GMAIL.COM<\/a><\/p>\n<p>Az al\u00e1bbi \u0171rlap seg\u00edts\u00e9g\u00e9vel is felveheti vel\u00fcnk a kapcsolatot:<\/p>\n\n\n<div class=\"wp-block-contact-form-7-contact-form-selector\"><div role=\"form\" class=\"wpcf7\" id=\"wpcf7-f5-o1\" lang=\"en-US\" dir=\"ltr\">\n<div class=\"screen-reader-response\"><p role=\"status\" aria-live=\"polite\" aria-atomic=\"true\"><\/p> <ul><\/ul><\/div>\n<form action=\"\/hu\/wp-json\/wp\/v2\/pages\/2484#wpcf7-f5-o1\" method=\"post\" class=\"wpcf7-form init\" novalidate=\"novalidate\" data-status=\"init\">\n<div style=\"display: none;\">\n<input type=\"hidden\" name=\"_wpcf7\" value=\"5\" \/>\n<input type=\"hidden\" name=\"_wpcf7_version\" value=\"5.5.6.1\" \/>\n<input type=\"hidden\" name=\"_wpcf7_locale\" value=\"en_US\" \/>\n<input type=\"hidden\" name=\"_wpcf7_unit_tag\" value=\"wpcf7-f5-o1\" \/>\n<input type=\"hidden\" name=\"_wpcf7_container_post\" value=\"0\" \/>\n<input type=\"hidden\" name=\"_wpcf7_posted_data_hash\" value=\"\" \/>\n<\/div>\n<p><label> Your Name*<br \/>\n    <span class=\"wpcf7-form-control-wrap your-name\"><input type=\"text\" name=\"your-name\" value=\"\" size=\"40\" class=\"wpcf7-form-control wpcf7-text wpcf7-validates-as-required\" aria-required=\"true\" aria-invalid=\"false\" \/><\/span> <\/label><\/p>\n<p><label> Your Email*<br \/>\n    <span class=\"wpcf7-form-control-wrap your-email\"><input type=\"email\" name=\"your-email\" value=\"\" size=\"40\" class=\"wpcf7-form-control wpcf7-text wpcf7-email wpcf7-validates-as-required wpcf7-validates-as-email\" aria-required=\"true\" aria-invalid=\"false\" \/><\/span> <\/label><\/p>\n<p><label> Subject<br \/>\n    <span class=\"wpcf7-form-control-wrap your-subject\"><input type=\"text\" name=\"your-subject\" value=\"\" size=\"40\" class=\"wpcf7-form-control wpcf7-text\" aria-invalid=\"false\" \/><\/span> <\/label><\/p>\n<p><label> Your Message<br \/>\n    <span class=\"wpcf7-form-control-wrap your-message\"><textarea name=\"your-message\" cols=\"40\" rows=\"10\" class=\"wpcf7-form-control wpcf7-textarea\" aria-invalid=\"false\"><\/textarea><\/span> <\/label><\/p>\n<p><input type=\"submit\" value=\"Send\" class=\"wpcf7-form-control has-spinner wpcf7-submit\" \/><\/p>\n<input\n                    class=\"apbct_special_field apbct_email_id__wp_contact_form_7\"\n                    name=\"apbct__email_id__wp_contact_form_7\"\n                    aria-label=\"apbct__label_id__wp_contact_form_7\"\n                    type=\"text\" size=\"30\" maxlength=\"200\" autocomplete=\"off\"\n                    value=\"\"\n                \/><div class=\"wpcf7-response-output\" aria-hidden=\"true\"><\/div><\/form><\/div><\/div>\n","protected":false},"excerpt":{"rendered":"<p>Email:team.head@meaningoflife.blogKRISZTINA.BANA@PROTONMAIL.COMLASZLO.MAKAY@GMAIL.COM Az al\u00e1bbi \u0171rlap seg\u00edts\u00e9g\u00e9vel is felveheti vel\u00fcnk a kapcsolatot:<\/p>\n","protected":false},"author":1,"featured_media":0,"parent":0,"menu_order":2,"comment_status":"closed","ping_status":"closed","template":"","meta":[],"yst_prominent_words":[462],"_links":{"self":[{"href":"https:\/\/meaningoflife.blog\/hu\/wp-json\/wp\/v2\/pages\/2484"}],"collection":[{"href":"https:\/\/meaningoflife.blog\/hu\/wp-json\/wp\/v2\/pages"}],"about":[{"href":"https:\/\/meaningoflife.blog\/hu\/wp-json\/wp\/v2\/types\/page"}],"author":[{"embeddable":true,"href":"https:\/\/meaningoflife.blog\/hu\/wp-json\/wp\/v2\/users\/1"}],"replies":[{"embeddable":true,"href":"https:\/\/meaningoflife.blog\/hu\/wp-json\/wp\/v2\/comments?post=2484"}],"version-history":[{"count":8,"href":"https:\/\/meaningoflife.blog\/hu\/wp-json\/wp\/v2\/pages\/2484\/revisions"}],"predecessor-version":[{"id":3620,"href":"https:\/\/meaningoflife.blog\/hu\/wp-json\/wp\/v2\/pages\/2484\/revisions\/3620"}],"wp:attachment":[{"href":"https:\/\/meaningoflife.blog\/hu\/wp-json\/wp\/v2\/media?parent=2484"}],"wp:term":[{"taxonomy":"yst_prominent_words","embeddable":true,"href":"https:\/\/meaningoflife.blog\/hu\/wp-json\/wp\/v2\/yst_prominent_words?post=2484"}],"curies":[{"name":"wp","href":"https:\/\/api.w.org\/{rel}","templated":true}]}}